{"id":594,"date":"2024-01-30T10:28:29","date_gmt":"2024-01-30T10:28:29","guid":{"rendered":"https:\/\/nutriclime.eu\/?page_id=594"},"modified":"2024-01-30T10:30:13","modified_gmt":"2024-01-30T10:30:13","slug":"hakkimizda","status":"publish","type":"page","link":"https:\/\/nutriclime.eu\/index.php\/tr\/hakkimizda\/","title":{"rendered":"Hakk\u0131m\u0131zda"},"content":{"rendered":"\t\t<div data-elementor-type=\"wp-page\" data-elementor-id=\"594\" class=\"elementor elementor-594\" data-elementor-settings=\"{&quot;ha_cmc_init_switcher&quot;:&quot;no&quot;}\">\n\t\t\t\t\t\t<section class=\"elementor-section elementor-top-section elementor-element elementor-element-28cf96e elementor-section-boxed elementor-section-height-default elementor-section-height-default wpr-particle-no wpr-jarallax-no wpr-parallax-no wpr-sticky-section-no\" data-id=\"28cf96e\" data-element_type=\"section\" data-e-type=\"section\" data-settings=\"{&quot;_ha_eqh_enable&quot;:false}\">\n\t\t\t\t\t\t<div class=\"elementor-container elementor-column-gap-default\">\n\t\t\t\t\t<div class=\"elementor-column elementor-col-100 elementor-top-column elementor-element elementor-element-f6ea211\" data-id=\"f6ea211\" data-element_type=\"column\" data-e-type=\"column\">\n\t\t\t<div class=\"elementor-widget-wrap\">\n\t\t\t\t\t\t\t<\/div>\n\t\t<\/div>\n\t\t\t\t\t<\/div>\n\t\t<\/section>\n\t\t\t\t<section class=\"elementor-section elementor-top-section elementor-element elementor-element-aa01200 elementor-section-boxed elementor-section-height-default elementor-section-height-default wpr-particle-no wpr-jarallax-no wpr-parallax-no wpr-sticky-section-no\" data-id=\"aa01200\" data-element_type=\"section\" data-e-type=\"section\" data-settings=\"{&quot;_ha_eqh_enable&quot;:false}\">\n\t\t\t\t\t\t<div class=\"elementor-container elementor-column-gap-default\">\n\t\t\t\t\t<div class=\"elementor-column elementor-col-100 elementor-top-column elementor-element elementor-element-fc1c32f\" data-id=\"fc1c32f\" data-element_type=\"column\" data-e-type=\"column\">\n\t\t\t<div class=\"elementor-widget-wrap\">\n\t\t\t\t\t\t\t<\/div>\n\t\t<\/div>\n\t\t\t\t\t<\/div>\n\t\t<\/section>\n\t\t\t\t<section class=\"elementor-section elementor-top-section elementor-element elementor-element-403bc81 elementor-section-boxed elementor-section-height-default elementor-section-height-default wpr-particle-no wpr-jarallax-no wpr-parallax-no wpr-sticky-section-no\" data-id=\"403bc81\" data-element_type=\"section\" data-e-type=\"section\" data-settings=\"{&quot;_ha_eqh_enable&quot;:false}\">\n\t\t\t\t\t\t<div class=\"elementor-container elementor-column-gap-default\">\n\t\t\t\t\t<div class=\"elementor-column elementor-col-100 elementor-top-column elementor-element elementor-element-3f18cf6\" data-id=\"3f18cf6\" data-element_type=\"column\" data-e-type=\"column\">\n\t\t\t<div class=\"elementor-widget-wrap\">\n\t\t\t\t\t\t\t<\/div>\n\t\t<\/div>\n\t\t\t\t\t<\/div>\n\t\t<\/section>\n\t\t\t\t<section class=\"elementor-section elementor-top-section elementor-element elementor-element-ed09256 elementor-section-boxed elementor-section-height-default elementor-section-height-default wpr-particle-no wpr-jarallax-no wpr-parallax-no wpr-sticky-section-no\" data-id=\"ed09256\" data-element_type=\"section\" data-e-type=\"section\" data-settings=\"{&quot;background_background&quot;:&quot;video&quot;,&quot;background_video_link&quot;:&quot;https:\\\/\\\/nutriclime.eu\\\/wp-content\\\/uploads\\\/2023\\\/03\\\/pexels-polina-kovaleva-5420374.mp4&quot;,&quot;background_play_on_mobile&quot;:&quot;yes&quot;,&quot;_ha_eqh_enable&quot;:false}\">\n\t\t\t\t\t\t\t\t<div class=\"elementor-background-video-container\">\n\t\t\t\t\t\t\t\t\t\t\t\t\t<video class=\"elementor-background-video-hosted\" role=\"presentation\" autoplay muted playsinline loop><\/video>\n\t\t\t\t\t\t\t\t\t\t\t<\/div>\n\t\t\t\t\t\t\t\t\t<div class=\"elementor-background-overlay\"><\/div>\n\t\t\t\t\t\t\t<div class=\"elementor-container elementor-column-gap-default\">\n\t\t\t\t\t<div class=\"elementor-column elementor-col-100 elementor-top-column elementor-element elementor-element-b9cb7d5\" data-id=\"b9cb7d5\" data-element_type=\"column\" data-e-type=\"column\">\n\t\t\t<div class=\"elementor-widget-wrap elementor-element-populated\">\n\t\t\t\t\t\t<div class=\"elementor-element elementor-element-601fc3c elementor-widget elementor-widget-spacer\" data-id=\"601fc3c\" data-element_type=\"widget\" data-e-type=\"widget\" data-widget_type=\"spacer.default\">\n\t\t\t\t<div class=\"elementor-widget-container\">\n\t\t\t\t\t\t\t<div class=\"elementor-spacer\">\n\t\t\t<div class=\"elementor-spacer-inner\"><\/div>\n\t\t<\/div>\n\t\t\t\t\t\t<\/div>\n\t\t\t\t<\/div>\n\t\t\t\t<div class=\"elementor-element elementor-element-17eb652 elementor-widget elementor-widget-heading\" data-id=\"17eb652\" data-element_type=\"widget\" data-e-type=\"widget\" data-widget_type=\"heading.default\">\n\t\t\t\t<div class=\"elementor-widget-container\">\n\t\t\t\t\t<h2 class=\"elementor-heading-title elementor-size-default\">NutriClime Projesi<\/h2>\t\t\t\t<\/div>\n\t\t\t\t<\/div>\n\t\t\t\t<div class=\"elementor-element elementor-element-aa8f2a8 elementor-widget elementor-widget-spacer\" data-id=\"aa8f2a8\" data-element_type=\"widget\" data-e-type=\"widget\" data-widget_type=\"spacer.default\">\n\t\t\t\t<div class=\"elementor-widget-container\">\n\t\t\t\t\t\t\t<div class=\"elementor-spacer\">\n\t\t\t<div class=\"elementor-spacer-inner\"><\/div>\n\t\t<\/div>\n\t\t\t\t\t\t<\/div>\n\t\t\t\t<\/div>\n\t\t\t\t<div class=\"elementor-element elementor-element-db90f89 ha-has-bg-overlay elementor-widget elementor-widget-text-editor\" data-id=\"db90f89\" data-element_type=\"widget\" data-e-type=\"widget\" data-widget_type=\"text-editor.default\">\n\t\t\t\t<div class=\"elementor-widget-container\">\n\t\t\t\t\t\t\t\t\t<p><b style=\"color: #003c25;\">Proje A\u00e7\u0131klamas\u0131<\/b><\/p><p>\u0130klim de\u011fi\u015fikli\u011finin etkileri insan hayat\u0131n\u0131 ve sa\u011fl\u0131\u011f\u0131n\u0131 \u00e7e\u015fitli \u015fekillerde etkilemektedir ve proje bu konuda de\u011fi\u015fimi te\u015fvik etmeyi ama\u00e7lamaktad\u0131r. Ye\u015fil Anla\u015fma&#8217;ya g\u00f6re, sa\u011fl\u0131ks\u0131z beslenme AB&#8217;de \u00f6nemli say\u0131da \u00f6l\u00fcmden ve kaybedilen sa\u011fl\u0131kl\u0131 y\u0131llardan sorumludur; kardiyovask\u00fcler hastal\u0131klar ve kanserler ba\u015fl\u0131ca su\u00e7lulard\u0131r. Proje, daha sa\u011fl\u0131kl\u0131 ve \u00e7evresel etkisi daha d\u00fc\u015f\u00fck olan bitki temelli diyetlere do\u011fru bir ge\u00e7i\u015fi te\u015fvik etmeyi ama\u00e7lamaktad\u0131r. Buna ek olarak, proje s\u00fcrd\u00fcr\u00fclebilir hedefleri te\u015fvik etmeyi ve kalp hastal\u0131\u011f\u0131 gibi ya\u015fam\u0131 tehdit eden hastal\u0131klar\u0131n oran\u0131n\u0131 azaltmay\u0131 taahh\u00fct etmektedir. Proje, dijital \u00f6\u011fretim kaynaklar\u0131 ve e\u011fitsel oyunlar geli\u015ftirerek, e\u011fitimcilere s\u00fcrekli mesleki geli\u015fim sa\u011flayarak ve \u00f6\u011fretmenlik mesle\u011fini te\u015fvik etmek i\u00e7in y\u00fcksek kaliteli kariyer rehberli\u011fi giri\u015fimleri uygulayarak bu hedeflere ula\u015fmay\u0131 ama\u00e7lamaktad\u0131r.<\/p>\t\t\t\t\t\t\t\t<\/div>\n\t\t\t\t<\/div>\n\t\t\t\t\t<\/div>\n\t\t<\/div>\n\t\t\t\t\t<\/div>\n\t\t<\/section>\n\t\t\t\t<section class=\"elementor-section elementor-top-section elementor-element elementor-element-e2be7e9 elementor-section-boxed elementor-section-height-default elementor-section-height-default wpr-particle-no wpr-jarallax-no wpr-parallax-no wpr-sticky-section-no\" data-id=\"e2be7e9\" data-element_type=\"section\" data-e-type=\"section\" data-settings=\"{&quot;_ha_eqh_enable&quot;:false}\">\n\t\t\t\t\t\t\t<div class=\"elementor-background-overlay\"><\/div>\n\t\t\t\t\t\t\t<div class=\"elementor-container elementor-column-gap-default\">\n\t\t\t\t\t<div class=\"elementor-column elementor-col-100 elementor-top-column elementor-element elementor-element-b54afa5\" data-id=\"b54afa5\" data-element_type=\"column\" data-e-type=\"column\">\n\t\t\t<div class=\"elementor-widget-wrap elementor-element-populated\">\n\t\t\t\t\t\t<div class=\"elementor-element elementor-element-0e671ac elementor-widget elementor-widget-spacer\" data-id=\"0e671ac\" data-element_type=\"widget\" data-e-type=\"widget\" data-widget_type=\"spacer.default\">\n\t\t\t\t<div class=\"elementor-widget-container\">\n\t\t\t\t\t\t\t<div class=\"elementor-spacer\">\n\t\t\t<div class=\"elementor-spacer-inner\"><\/div>\n\t\t<\/div>\n\t\t\t\t\t\t<\/div>\n\t\t\t\t<\/div>\n\t\t\t\t<div class=\"elementor-element elementor-element-adfd216 elementor-widget elementor-widget-spacer\" data-id=\"adfd216\" data-element_type=\"widget\" data-e-type=\"widget\" data-widget_type=\"spacer.default\">\n\t\t\t\t<div class=\"elementor-widget-container\">\n\t\t\t\t\t\t\t<div class=\"elementor-spacer\">\n\t\t\t<div class=\"elementor-spacer-inner\"><\/div>\n\t\t<\/div>\n\t\t\t\t\t\t<\/div>\n\t\t\t\t<\/div>\n\t\t\t\t<section class=\"elementor-section elementor-inner-section elementor-element elementor-element-89aba00 elementor-section-boxed elementor-section-height-default elementor-section-height-default wpr-particle-no wpr-jarallax-no wpr-parallax-no wpr-sticky-section-no\" data-id=\"89aba00\" data-element_type=\"section\" data-e-type=\"section\" data-settings=\"{&quot;_ha_eqh_enable&quot;:false}\">\n\t\t\t\t\t\t<div class=\"elementor-container elementor-column-gap-default\">\n\t\t\t\t\t<div class=\"elementor-column elementor-col-33 elementor-inner-column elementor-element elementor-element-dbca972\" data-id=\"dbca972\" data-element_type=\"column\" data-e-type=\"column\">\n\t\t\t<div class=\"elementor-widget-wrap elementor-element-populated\">\n\t\t\t\t\t\t<div class=\"elementor-element elementor-element-a344642 animated-slow ha-has-bg-overlay elementor-invisible elementor-widget elementor-widget-text-editor\" data-id=\"a344642\" data-element_type=\"widget\" data-e-type=\"widget\" data-settings=\"{&quot;_animation&quot;:&quot;slideInLeft&quot;}\" data-widget_type=\"text-editor.default\">\n\t\t\t\t<div class=\"elementor-widget-container\">\n\t\t\t\t\t\t\t\t\t<p><b style=\"color: #003c25;\">Etki<\/b><\/p><p>Projemizin potansiyel geni\u015f kapsaml\u0131 etkisi \u00e7ok b\u00fcy\u00fckt\u00fcr. Kat\u0131l\u0131mc\u0131lar, sa\u011fl\u0131kl\u0131 ya\u015fam ve iklim de\u011fi\u015fikli\u011fiyle ilgili pratik bilgiler, yetkinlikler ve e\u011fitim ara\u00e7lar\u0131 kazanacak ve sonu\u00e7ta gezegene fayda sa\u011flayacakt\u0131r.<\/p><p>Proje, uygun olmayan diyetler ve hareketsiz ya\u015fam tarzlar\u0131yla ili\u015fkili sa\u011fl\u0131k tehditleri konusunda fark\u0131ndal\u0131\u011f\u0131 art\u0131racak ve bu konular disiplinler aras\u0131 bir yakla\u015f\u0131mla m\u00fcfredata dahil edilecektir. Proje ayn\u0131 zamanda g\u0131da \u00fcretim end\u00fcstrisinden kaynaklanan CO2 emisyonlar\u0131n\u0131n azalt\u0131lmas\u0131n\u0131n \u00f6nemi konusunda da fark\u0131ndal\u0131k yaratacakt\u0131r.<\/p>\t\t\t\t\t\t\t\t<\/div>\n\t\t\t\t<\/div>\n\t\t\t\t\t<\/div>\n\t\t<\/div>\n\t\t\t\t<div class=\"elementor-column elementor-col-33 elementor-inner-column elementor-element elementor-element-c74b63e\" data-id=\"c74b63e\" data-element_type=\"column\" data-e-type=\"column\">\n\t\t\t<div class=\"elementor-widget-wrap\">\n\t\t\t\t\t\t\t<\/div>\n\t\t<\/div>\n\t\t\t\t<div class=\"elementor-column elementor-col-33 elementor-inner-column elementor-element elementor-element-59d5340\" data-id=\"59d5340\" data-element_type=\"column\" data-e-type=\"column\">\n\t\t\t<div class=\"elementor-widget-wrap elementor-element-populated\">\n\t\t\t\t\t\t<div class=\"elementor-element elementor-element-913acb5 elementor-widget elementor-widget-spacer\" data-id=\"913acb5\" data-element_type=\"widget\" data-e-type=\"widget\" data-widget_type=\"spacer.default\">\n\t\t\t\t<div class=\"elementor-widget-container\">\n\t\t\t\t\t\t\t<div class=\"elementor-spacer\">\n\t\t\t<div class=\"elementor-spacer-inner\"><\/div>\n\t\t<\/div>\n\t\t\t\t\t\t<\/div>\n\t\t\t\t<\/div>\n\t\t\t\t<div class=\"elementor-element elementor-element-dee443a animated-slow elementor-invisible elementor-widget elementor-widget-image\" data-id=\"dee443a\" data-element_type=\"widget\" data-e-type=\"widget\" data-settings=\"{&quot;_animation&quot;:&quot;slideInRight&quot;}\" data-widget_type=\"image.default\">\n\t\t\t\t<div class=\"elementor-widget-container\">\n\t\t\t\t\t\t\t\t\t\t\t\t\t\t\t<img fetchpriority=\"high\" decoding=\"async\" width=\"1024\" height=\"683\" src=\"https:\/\/nutriclime.eu\/wp-content\/uploads\/2023\/03\/brooke-lark-W1B2LpQOBxA-unsplash-1024x683.jpg\" class=\"elementor-animation-wobble-to-bottom-right attachment-large size-large wp-image-162\" alt=\"\" srcset=\"https:\/\/nutriclime.eu\/wp-content\/uploads\/2023\/03\/brooke-lark-W1B2LpQOBxA-unsplash-1024x683.jpg 1024w, https:\/\/nutriclime.eu\/wp-content\/uploads\/2023\/03\/brooke-lark-W1B2LpQOBxA-unsplash-300x200.jpg 300w, https:\/\/nutriclime.eu\/wp-content\/uploads\/2023\/03\/brooke-lark-W1B2LpQOBxA-unsplash-768x512.jpg 768w, https:\/\/nutriclime.eu\/wp-content\/uploads\/2023\/03\/brooke-lark-W1B2LpQOBxA-unsplash-1536x1024.jpg 1536w, https:\/\/nutriclime.eu\/wp-content\/uploads\/2023\/03\/brooke-lark-W1B2LpQOBxA-unsplash-2048x1365.jpg 2048w, https:\/\/nutriclime.eu\/wp-content\/uploads\/2023\/03\/brooke-lark-W1B2LpQOBxA-unsplash-720x480.jpg 720w\" sizes=\"(max-width: 1024px) 100vw, 1024px\" \/>\t\t\t\t\t\t\t\t\t\t\t\t\t\t\t<\/div>\n\t\t\t\t<\/div>\n\t\t\t\t\t<\/div>\n\t\t<\/div>\n\t\t\t\t\t<\/div>\n\t\t<\/section>\n\t\t\t\t<div class=\"elementor-element elementor-element-393dc1e animated-slow ha-has-bg-overlay elementor-invisible elementor-widget elementor-widget-text-editor\" data-id=\"393dc1e\" data-element_type=\"widget\" data-e-type=\"widget\" data-settings=\"{&quot;_animation&quot;:&quot;slideInUp&quot;}\" data-widget_type=\"text-editor.default\">\n\t\t\t\t<div class=\"elementor-widget-container\">\n\t\t\t\t\t\t\t\t\t<p>AB vatanda\u015flar\u0131n\u0131n ergen obezitesinin sosyal ve ruh sa\u011fl\u0131\u011f\u0131 \u00fczerindeki etkilerini ele almak ve dezavantajl\u0131 \u00f6\u011frenciler ile yeme bozukluklar\u0131 veya sa\u011fl\u0131k sorunlar\u0131 ya\u015fayanlar\u0131n sosyal i\u00e7ermesini desteklemek i\u00e7in ihtiya\u00e7 duyduklar\u0131 ara\u00e7lar\u0131 geli\u015ftirece\u011fiz.&nbsp;<\/p><p>Kat\u0131l\u0131mc\u0131lar\u0131m\u0131z ayr\u0131ca sa\u011fl\u0131kl\u0131, karbon-n\u00f6tr g\u0131da se\u00e7imleri konusunda \u00f6\u011fretim materyalleri ve e\u011fitim metodolojileri geli\u015ftirme konusunda yetkinlik kazanacak, Avrupa Ye\u015fil Anla\u015fmas\u0131 konusundaki anlay\u0131\u015flar\u0131n\u0131 geli\u015ftirecek ve ye\u015fil becerileri Sa\u011fl\u0131k E\u011fitimi stratejilerine entegre etme konusundaki yetkinliklerini ve becerilerini art\u0131racakt\u0131r.<\/p>\n<p>Proje ayn\u0131 zamanda m\u00fcfredatlar aras\u0131 \u00f6\u011fretimin pedagojik becerilerini geli\u015ftirecek, AR kullan\u0131m\u0131nda s\u00fcrd\u00fcr\u00fclebilir yetkinlikler ve dijital beceriler geli\u015ftirecek ve t\u00fcketim al\u0131\u015fkanl\u0131klar\u0131nda davran\u0131\u015f de\u011fi\u015fikli\u011fini etkileyecektir. Genel olarak, proje kat\u0131l\u0131mc\u0131lar, e\u011fitim sekt\u00f6r\u00fc ve daha geni\u015f toplum \u00fczerinde \u00f6nemli bir olumlu etkiye sahip olacakt\u0131r.<\/p>\t\t\t\t\t\t\t\t<\/div>\n\t\t\t\t<\/div>\n\t\t\t\t<div class=\"elementor-element elementor-element-32d5753 elementor-widget elementor-widget-spacer\" data-id=\"32d5753\" data-element_type=\"widget\" data-e-type=\"widget\" data-widget_type=\"spacer.default\">\n\t\t\t\t<div class=\"elementor-widget-container\">\n\t\t\t\t\t\t\t<div class=\"elementor-spacer\">\n\t\t\t<div class=\"elementor-spacer-inner\"><\/div>\n\t\t<\/div>\n\t\t\t\t\t\t<\/div>\n\t\t\t\t<\/div>\n\t\t\t\t\t<\/div>\n\t\t<\/div>\n\t\t\t\t\t<\/div>\n\t\t<\/section>\n\t\t\t\t<section class=\"elementor-section elementor-top-section elementor-element elementor-element-f88ee70 elementor-section-boxed elementor-section-height-default elementor-section-height-default wpr-particle-no wpr-jarallax-no wpr-parallax-no wpr-sticky-section-no\" data-id=\"f88ee70\" data-element_type=\"section\" data-e-type=\"section\" data-settings=\"{&quot;_ha_eqh_enable&quot;:false}\">\n\t\t\t\t\t\t<div class=\"elementor-container elementor-column-gap-default\">\n\t\t\t\t\t<div class=\"elementor-column elementor-col-33 elementor-top-column elementor-element elementor-element-a41f488\" data-id=\"a41f488\" data-element_type=\"column\" data-e-type=\"column\">\n\t\t\t<div class=\"elementor-widget-wrap elementor-element-populated\">\n\t\t\t\t\t\t<div class=\"elementor-element elementor-element-5be9e00 elementor-widget elementor-widget-spacer\" data-id=\"5be9e00\" data-element_type=\"widget\" data-e-type=\"widget\" data-widget_type=\"spacer.default\">\n\t\t\t\t<div class=\"elementor-widget-container\">\n\t\t\t\t\t\t\t<div class=\"elementor-spacer\">\n\t\t\t<div class=\"elementor-spacer-inner\"><\/div>\n\t\t<\/div>\n\t\t\t\t\t\t<\/div>\n\t\t\t\t<\/div>\n\t\t\t\t<div class=\"elementor-element elementor-element-7d596b0 elementor-widget elementor-widget-image\" data-id=\"7d596b0\" data-element_type=\"widget\" data-e-type=\"widget\" data-widget_type=\"image.default\">\n\t\t\t\t<div class=\"elementor-widget-container\">\n\t\t\t\t\t\t\t\t\t\t\t\t\t\t\t<img decoding=\"async\" width=\"300\" height=\"63\" src=\"https:\/\/nutriclime.eu\/wp-content\/uploads\/2023\/03\/EN-Co-funded-by-the-EU_PANTONE-1-300x63.jpg\" class=\"attachment-medium size-medium wp-image-83\" alt=\"\" srcset=\"https:\/\/nutriclime.eu\/wp-content\/uploads\/2023\/03\/EN-Co-funded-by-the-EU_PANTONE-1-300x63.jpg 300w, https:\/\/nutriclime.eu\/wp-content\/uploads\/2023\/03\/EN-Co-funded-by-the-EU_PANTONE-1-1024x215.jpg 1024w, https:\/\/nutriclime.eu\/wp-content\/uploads\/2023\/03\/EN-Co-funded-by-the-EU_PANTONE-1-768x161.jpg 768w, https:\/\/nutriclime.eu\/wp-content\/uploads\/2023\/03\/EN-Co-funded-by-the-EU_PANTONE-1-1536x322.jpg 1536w, https:\/\/nutriclime.eu\/wp-content\/uploads\/2023\/03\/EN-Co-funded-by-the-EU_PANTONE-1-2048x430.jpg 2048w, https:\/\/nutriclime.eu\/wp-content\/uploads\/2023\/03\/EN-Co-funded-by-the-EU_PANTONE-1-720x151.jpg 720w\" sizes=\"(max-width: 300px) 100vw, 300px\" \/>\t\t\t\t\t\t\t\t\t\t\t\t\t\t\t<\/div>\n\t\t\t\t<\/div>\n\t\t\t\t<div class=\"elementor-element elementor-element-e7d33b8 elementor-widget elementor-widget-text-editor\" data-id=\"e7d33b8\" data-element_type=\"widget\" data-e-type=\"widget\" data-widget_type=\"text-editor.default\">\n\t\t\t\t<div class=\"elementor-widget-container\">\n\t\t\t\t\t\t\t\t\t<p>Bu web sayfas\u0131 sadece ortakl\u0131\u011f\u0131n g\u00f6r\u00fc\u015flerini yans\u0131tmaktad\u0131r ve Komisyon sorumlu tutulamaz. 2022-1-BE02-KA220-ADU-000087982<\/p>\t\t\t\t\t\t\t\t<\/div>\n\t\t\t\t<\/div>\n\t\t\t\t\t<\/div>\n\t\t<\/div>\n\t\t\t\t<div class=\"elementor-column elementor-col-33 elementor-top-column elementor-element elementor-element-6440dbf\" data-id=\"6440dbf\" data-element_type=\"column\" data-e-type=\"column\">\n\t\t\t<div class=\"elementor-widget-wrap\">\n\t\t\t\t\t\t\t<\/div>\n\t\t<\/div>\n\t\t\t\t<div class=\"elementor-column elementor-col-33 elementor-top-column elementor-element elementor-element-fd8434f\" data-id=\"fd8434f\" data-element_type=\"column\" data-e-type=\"column\">\n\t\t\t<div class=\"elementor-widget-wrap elementor-element-populated\">\n\t\t\t\t\t\t<div class=\"elementor-element elementor-element-cb93029 elementor-widget elementor-widget-spacer\" data-id=\"cb93029\" data-element_type=\"widget\" data-e-type=\"widget\" data-widget_type=\"spacer.default\">\n\t\t\t\t<div class=\"elementor-widget-container\">\n\t\t\t\t\t\t\t<div class=\"elementor-spacer\">\n\t\t\t<div class=\"elementor-spacer-inner\"><\/div>\n\t\t<\/div>\n\t\t\t\t\t\t<\/div>\n\t\t\t\t<\/div>\n\t\t\t\t<div class=\"elementor-element elementor-element-03ae813 elementor-widget elementor-widget-image\" data-id=\"03ae813\" data-element_type=\"widget\" data-e-type=\"widget\" data-widget_type=\"image.default\">\n\t\t\t\t<div class=\"elementor-widget-container\">\n\t\t\t\t\t\t\t\t\t\t\t\t\t\t\t<img decoding=\"async\" width=\"166\" height=\"215\" src=\"https:\/\/nutriclime.eu\/wp-content\/uploads\/2023\/03\/nutri-2.png\" class=\"attachment-medium size-medium wp-image-135\" alt=\"\" \/>\t\t\t\t\t\t\t\t\t\t\t\t\t\t\t<\/div>\n\t\t\t\t<\/div>\n\t\t\t\t<div class=\"elementor-element elementor-element-f098da1 elementor-shape-circle elementor-grid-0 e-grid-align-center elementor-widget elementor-widget-social-icons\" data-id=\"f098da1\" data-element_type=\"widget\" data-e-type=\"widget\" data-widget_type=\"social-icons.default\">\n\t\t\t\t<div class=\"elementor-widget-container\">\n\t\t\t\t\t\t\t<div class=\"elementor-social-icons-wrapper elementor-grid\" role=\"list\">\n\t\t\t\t\t\t\t<span class=\"elementor-grid-item\" role=\"listitem\">\n\t\t\t\t\t<a class=\"elementor-icon elementor-social-icon elementor-social-icon-facebook elementor-repeater-item-039c9e5\" href=\"https:\/\/m.facebook.com\/profile.php?id=100090226861794&#038;mibextid=LQQJ4d\" target=\"_blank\">\n\t\t\t\t\t\t<span class=\"elementor-screen-only\">Facebook<\/span>\n\t\t\t\t\t\t<i aria-hidden=\"true\" class=\"fab fa-facebook\"><\/i>\t\t\t\t\t<\/a>\n\t\t\t\t<\/span>\n\t\t\t\t\t\t\t<span class=\"elementor-grid-item\" role=\"listitem\">\n\t\t\t\t\t<a class=\"elementor-icon elementor-social-icon elementor-social-icon-instagram elementor-repeater-item-c0e71cc\" href=\"https:\/\/www.instagram.com\/nutriclime_project\/\" target=\"_blank\">\n\t\t\t\t\t\t<span class=\"elementor-screen-only\">Instagram<\/span>\n\t\t\t\t\t\t<i aria-hidden=\"true\" class=\"fab fa-instagram\"><\/i>\t\t\t\t\t<\/a>\n\t\t\t\t<\/span>\n\t\t\t\t\t<\/div>\n\t\t\t\t\t\t<\/div>\n\t\t\t\t<\/div>\n\t\t\t\t\t<\/div>\n\t\t<\/div>\n\t\t\t\t\t<\/div>\n\t\t<\/section>\n\t\t\t\t<section class=\"elementor-section elementor-top-section elementor-element elementor-element-879615b elementor-section-boxed elementor-section-height-default elementor-section-height-default wpr-particle-no wpr-jarallax-no wpr-parallax-no wpr-sticky-section-no\" data-id=\"879615b\" data-element_type=\"section\" data-e-type=\"section\" data-settings=\"{&quot;background_background&quot;:&quot;classic&quot;,&quot;_ha_eqh_enable&quot;:false}\">\n\t\t\t\t\t\t<div class=\"elementor-container elementor-column-gap-default\">\n\t\t\t\t\t<div class=\"elementor-column elementor-col-100 elementor-top-column elementor-element elementor-element-f178e92\" data-id=\"f178e92\" data-element_type=\"column\" data-e-type=\"column\">\n\t\t\t<div class=\"elementor-widget-wrap elementor-element-populated\">\n\t\t\t\t\t\t<div class=\"elementor-element elementor-element-d140534 elementor-widget-divider--view-line elementor-widget elementor-widget-divider\" data-id=\"d140534\" data-element_type=\"widget\" data-e-type=\"widget\" data-widget_type=\"divider.default\">\n\t\t\t\t<div class=\"elementor-widget-container\">\n\t\t\t\t\t\t\t<div class=\"elementor-divider\">\n\t\t\t<span class=\"elementor-divider-separator\">\n\t\t\t\t\t\t<\/span>\n\t\t<\/div>\n\t\t\t\t\t\t<\/div>\n\t\t\t\t<\/div>\n\t\t\t\t\t<\/div>\n\t\t<\/div>\n\t\t\t\t\t<\/div>\n\t\t<\/section>\n\t\t\t\t<section class=\"elementor-section elementor-top-section elementor-element elementor-element-900e36b elementor-section-boxed elementor-section-height-default elementor-section-height-default wpr-particle-no wpr-jarallax-no wpr-parallax-no wpr-sticky-section-no\" data-id=\"900e36b\" data-element_type=\"section\" data-e-type=\"section\" data-settings=\"{&quot;background_background&quot;:&quot;classic&quot;,&quot;_ha_eqh_enable&quot;:false}\">\n\t\t\t\t\t\t<div class=\"elementor-container elementor-column-gap-default\">\n\t\t\t\t\t<div class=\"elementor-column elementor-col-33 elementor-top-column elementor-element elementor-element-3e1e136\" data-id=\"3e1e136\" data-element_type=\"column\" data-e-type=\"column\">\n\t\t\t<div class=\"elementor-widget-wrap elementor-element-populated\">\n\t\t\t\t\t\t<div class=\"elementor-element elementor-element-8469a65 elementor-widget elementor-widget-text-editor\" data-id=\"8469a65\" data-element_type=\"widget\" data-e-type=\"widget\" data-widget_type=\"text-editor.default\">\n\t\t\t\t<div class=\"elementor-widget-container\">\n\t\t\t\t\t\t\t\t\t<p>Copyright \u00a9 2023 NutriClime. All Rights Reserved<\/p>\t\t\t\t\t\t\t\t<\/div>\n\t\t\t\t<\/div>\n\t\t\t\t\t<\/div>\n\t\t<\/div>\n\t\t\t\t<div class=\"elementor-column elementor-col-33 elementor-top-column elementor-element elementor-element-09873f6\" data-id=\"09873f6\" data-element_type=\"column\" data-e-type=\"column\">\n\t\t\t<div class=\"elementor-widget-wrap elementor-element-populated\">\n\t\t\t\t\t\t<div class=\"elementor-element elementor-element-84ebe7a elementor-widget elementor-widget-text-editor\" data-id=\"84ebe7a\" data-element_type=\"widget\" data-e-type=\"widget\" data-widget_type=\"text-editor.default\">\n\t\t\t\t<div class=\"elementor-widget-container\">\n\t\t\t\t\t\t\t\t\t<a style=\"color: white;\" href=\"https:\/\/nutriclime.eu\/index.php\/terms-of-use\/\" rel=\"noopener\">Terms of Use<\/a>\t\t\t\t\t\t\t\t<\/div>\n\t\t\t\t<\/div>\n\t\t\t\t\t<\/div>\n\t\t<\/div>\n\t\t\t\t<div class=\"elementor-column elementor-col-33 elementor-top-column elementor-element elementor-element-4f644df\" data-id=\"4f644df\" data-element_type=\"column\" data-e-type=\"column\">\n\t\t\t<div class=\"elementor-widget-wrap elementor-element-populated\">\n\t\t\t\t\t\t<div class=\"elementor-element elementor-element-d82e865 elementor-widget elementor-widget-text-editor\" data-id=\"d82e865\" data-element_type=\"widget\" data-e-type=\"widget\" data-widget_type=\"text-editor.default\">\n\t\t\t\t<div class=\"elementor-widget-container\">\n\t\t\t\t\t\t\t\t\t<span style=\"color: white; text-align: left;\">Powered by\u00a0<\/span><a style=\"color: white; text-align: right;\" href=\"https:\/\/innovationhive.eu\/\" target=\"_blank\" rel=\"noopener\">Innovation Hive<\/a>\t\t\t\t\t\t\t\t<\/div>\n\t\t\t\t<\/div>\n\t\t\t\t\t<\/div>\n\t\t<\/div>\n\t\t\t\t\t<\/div>\n\t\t<\/section>\n\t\t\t\t<\/div>\n\t\t","protected":false},"excerpt":{"rendered":"<p>NutriClime Projesi Proje A\u00e7\u0131klamas\u0131 \u0130klim de\u011fi\u015fikli\u011finin etkileri insan hayat\u0131n\u0131 ve sa\u011fl\u0131\u011f\u0131n\u0131 \u00e7e\u015fitli \u015fekillerde etkilemektedir ve proje bu konuda de\u011fi\u015fimi te\u015fvik<\/p>\n","protected":false},"author":1,"featured_media":0,"parent":0,"menu_order":0,"comment_status":"closed","ping_status":"closed","template":"page-templates\/template_page-builder.php","meta":{"_monsterinsights_skip_tracking":false,"_monsterinsights_sitenote_active":false,"_monsterinsights_sitenote_note":"","_monsterinsights_sitenote_category":0,"footnotes":""},"class_list":["post-594","page","type-page","status-publish","hentry"],"aioseo_notices":[],"_links":{"self":[{"href":"https:\/\/nutriclime.eu\/index.php\/wp-json\/wp\/v2\/pages\/594","targetHints":{"allow":["GET"]}}],"collection":[{"href":"https:\/\/nutriclime.eu\/index.php\/wp-json\/wp\/v2\/pages"}],"about":[{"href":"https:\/\/nutriclime.eu\/index.php\/wp-json\/wp\/v2\/types\/page"}],"author":[{"embeddable":true,"href":"https:\/\/nutriclime.eu\/index.php\/wp-json\/wp\/v2\/users\/1"}],"replies":[{"embeddable":true,"href":"https:\/\/nutriclime.eu\/index.php\/wp-json\/wp\/v2\/comments?post=594"}],"version-history":[{"count":7,"href":"https:\/\/nutriclime.eu\/index.php\/wp-json\/wp\/v2\/pages\/594\/revisions"}],"predecessor-version":[{"id":601,"href":"https:\/\/nutriclime.eu\/index.php\/wp-json\/wp\/v2\/pages\/594\/revisions\/601"}],"wp:attachment":[{"href":"https:\/\/nutriclime.eu\/index.php\/wp-json\/wp\/v2\/media?parent=594"}],"curies":[{"name":"wp","href":"https:\/\/api.w.org\/{rel}","templated":true}]}}